{"id":9,"date":"2014-05-16T20:41:34","date_gmt":"2014-05-16T20:41:34","guid":{"rendered":"http:\/\/www.concisa.net.ve\/2013\/?page_id=9"},"modified":"2014-05-16T20:41:35","modified_gmt":"2014-05-16T20:41:35","slug":"comite-organizador","status":"publish","type":"page","link":"https:\/\/concisa.net.ve\/2013\/comite-organizador\/","title":{"rendered":"Comit\u00e9 Organizador"},"content":{"rendered":"<p style=\"text-align: left;\"><strong>Presidente: <\/strong>Yudith Cardinale (USB)<br \/>\n<strong>Vicepresidente: <\/strong>Leonid Tineo (USB)<br \/>\n<strong>Secretario: <\/strong>Rosseline Rodr\u00edguez (USB)<\/p>\n<p style=\"text-align: left;\"><strong>Miembros<\/strong>:<br \/>\nWilmer Pereira (USB-UCAB)<br \/>\nXiomara Contreras (USB)<br \/>\nSoraya Carrasquel (USB)<br \/>\nCarlos Figueira (USB)<br \/>\nMacringer Oma\u00f1a (USB-Litoral)<br \/>\nRosaura Paladino (UCAB)<br \/>\nEvelenir Barreto (UCAB)<br \/>\nEric Gamess (UCV)<br \/>\nMar\u00eda Elena Villapol (UCV)<br \/>\nEleonora Acosta (UCV)<br \/>\nAntonio Silva (UCV)<br \/>\nErnesto Coto (UCV)<br \/>\nClaudia Le\u00f3n (UCV)<br \/>\nDiliana Rodr\u00edguez (UBV)<br \/>\nCarlos Herrera (UBV)<br \/>\nJeniffe Carrizales (UBV)<br \/>\nNataly Carmona (UMC)<br \/>\nEliseo Narv\u00e1ez (UMC)<\/p>\n<p style=\"text-align: left;\"><strong>Comit\u00e9 de Edici\u00f3n y Publicaci\u00f3n<\/strong><br \/>\n<strong>Presidente: <\/strong>Eric Gamess (UCV)<br \/>\n<strong>Miembros: <\/strong>Xiomara Contreras (USB)<\/p>\n<p style=\"text-align: left;\"><strong>Comit\u00e9 Cultural<\/strong><br \/>\n<strong>Presidente: <\/strong>Rosseline Rodr\u00edguez (USB)<br \/>\n<strong>Miembros: <\/strong>Soraya Carrasquel (USB), Eleonora Acosta (UCV), Diliana Rodr\u00edguez (UBV)<\/p>\n<p style=\"text-align: left;\"><strong>Comit\u00e9 de Log\u00edstica y Realizaci\u00f3n<\/strong><br \/>\n<strong>Presidente: <\/strong>Leonid Tineo (USB)<br \/>\n<strong>Miembros: <\/strong>Soraya Carrasquel (USB), Rosseline Rodr\u00edguez (USB), Mar\u00eda Elena Villapol (UCV), Macringer Oma\u00f1a (USB-Litoral), Jeniffe Carrizales (UBV), Eliseo Narv\u00e1ez (UMC)<\/p>\n<p style=\"text-align: left;\"><strong>Comit\u00e9 de Difusi\u00f3n y Propaganda<\/strong><br \/>\n<strong>Presidente: <\/strong>Wilmer Pereira (USB-UCAB)<br \/>\n<strong>Miembros: <\/strong>Antonio Silva (UCV), Carlos Herrera (UBV)<\/p>\n<p style=\"text-align: left;\"><strong>Comit\u00e9 de Enlace con Instituciones y Empresas<\/strong><br \/>\n<strong>Presidente: <\/strong>Yudith Cardinale (USB)<br \/>\n<strong>Miembros: <\/strong>Rosaura Paladino (UCAB), Evelenir Barreto (UCAB), Claudia Le\u00f3n (UCV), Carlos Figueira (USB), Nataly Carmona (UMC)<\/p>\n<p style=\"text-align: left;\"><strong>Comit\u00e9 Financiero<\/strong><br \/>\n<strong>Presidente: <\/strong>Leonid Tineo (USB)<br \/>\n<strong>Miembros: <\/strong>Yudith Cardinale (USB), Carlos Figueira (USB)<\/p>\n<p style=\"text-align: left;\"><strong>Comisi\u00f3n T\u00e9cnico-Cient\u00edfica<\/strong><br \/>\n<strong>Presidente: <\/strong>Ernesto Coto (UCV)<\/p>\n","protected":false},"excerpt":{"rendered":"<p>Presidente: Yudith Cardinale (USB) Vicepresidente: Leonid Tineo (USB) Secretario: Rosseline Rodr\u00edguez (USB) Miembros: Wilmer Pereira (USB-UCAB) Xiomara Contreras (USB) Soraya Carrasquel (USB) Carlos Figueira (USB) Macringer Oma\u00f1a (USB-Litoral) Rosaura Paladino (UCAB) Evelenir Barreto (UCAB) Eric Gamess (UCV) Mar\u00eda Elena Villapol (UCV) Eleonora Acosta (UCV) Antonio Silva (UCV) Ernesto Coto (UCV) Claudia Le\u00f3n (UCV) Diliana Rodr\u00edguez [&hellip;]<\/p>\n","protected":false},"author":1,"featured_media":0,"parent":0,"menu_order":0,"comment_status":"open","ping_status":"open","template":"","meta":{"footnotes":""},"class_list":["post-9","page","type-page","status-publish","hentry"],"_links":{"self":[{"href":"https:\/\/concisa.net.ve\/2013\/wp-json\/wp\/v2\/pages\/9","targetHints":{"allow":["GET"]}}],"collection":[{"href":"https:\/\/concisa.net.ve\/2013\/wp-json\/wp\/v2\/pages"}],"about":[{"href":"https:\/\/concisa.net.ve\/2013\/wp-json\/wp\/v2\/types\/page"}],"author":[{"embeddable":true,"href":"https:\/\/concisa.net.ve\/2013\/wp-json\/wp\/v2\/users\/1"}],"replies":[{"embeddable":true,"href":"https:\/\/concisa.net.ve\/2013\/wp-json\/wp\/v2\/comments?post=9"}],"version-history":[{"count":1,"href":"https:\/\/concisa.net.ve\/2013\/wp-json\/wp\/v2\/pages\/9\/revisions"}],"predecessor-version":[{"id":10,"href":"https:\/\/concisa.net.ve\/2013\/wp-json\/wp\/v2\/pages\/9\/revisions\/10"}],"wp:attachment":[{"href":"https:\/\/concisa.net.ve\/2013\/wp-json\/wp\/v2\/media?parent=9"}],"curies":[{"name":"wp","href":"https:\/\/api.w.org\/{rel}","templated":true}]}}