{"id":7,"date":"2014-05-16T20:40:18","date_gmt":"2014-05-16T20:40:18","guid":{"rendered":"http:\/\/www.concisa.net.ve\/2013\/?page_id=7"},"modified":"2017-05-02T15:33:26","modified_gmt":"2017-05-02T15:33:26","slug":"comite-del-programa","status":"publish","type":"page","link":"https:\/\/concisa.net.ve\/2013\/comite-del-programa\/","title":{"rendered":"Comit\u00e9 del Programa"},"content":{"rendered":"<p><b>Judith Barrios<\/b><br \/>\nUniversidad de Los Andes<br \/>\nijudith@ula.ve<\/p>\n<p><b>Blai Bonet<\/b><br \/>\nUniversidad Sim\u00f3n Bol\u00edvar<br \/>\nbonet@ldc.usb.ve<\/p>\n<p><b>Eric Gamess<\/b><br \/>\nUniversidad Central de Venezuela<br \/>\neric.gamess@ciens.ucv.ve<\/p>\n<p>&nbsp;<\/p>\n<table style=\"text-align: center;\" width=\"950px\" border=\"0\" cellspacing=\"0\" cellpadding=\"0\">\n<tbody>\n<tr>\n<td colspan=\"3\" valign=\"top\" width=\"525\"><strong>Miembros del Comit\u00e9 de Programa<\/strong><\/td>\n<\/tr>\n<tr>\n<td valign=\"top\" width=\"90\">Ana<\/td>\n<td valign=\"top\" width=\"150\">Aguilera<\/td>\n<td valign=\"top\" width=\"525\">Universidad de Carabobo<\/td>\n<\/tr>\n<tr>\n<td valign=\"top\" width=\"90\">Junior Amilcar<\/td>\n<td valign=\"top\" width=\"150\">Altamiranda Perez<\/td>\n<td valign=\"top\" width=\"525\">Universidad de Los Andes<\/td>\n<\/tr>\n<tr>\n<td valign=\"top\" width=\"90\">Jhon Edgar<\/td>\n<td valign=\"top\" width=\"150\">Amaya<\/td>\n<td valign=\"top\" width=\"525\">Universidad Nacional Experimental del T\u00e1chira<\/td>\n<\/tr>\n<tr>\n<td valign=\"top\" width=\"90\">Andr\u00e9s<\/td>\n<td valign=\"top\" width=\"150\">Arcia-Moret<\/td>\n<td valign=\"top\" width=\"525\">Universidad de Los Andes<\/td>\n<\/tr>\n<tr>\n<td valign=\"top\" width=\"90\">Isabel<\/td>\n<td valign=\"top\" width=\"150\">Besembel<\/td>\n<td valign=\"top\" width=\"525\">Universidad de Los Andes<\/td>\n<\/tr>\n<tr>\n<td valign=\"top\" width=\"90\">Maritza<\/td>\n<td valign=\"top\" width=\"150\">Bracho<\/td>\n<td valign=\"top\" width=\"525\">Universidad Centroccidental Lisandro Alvarado<\/td>\n<\/tr>\n<tr>\n<td valign=\"top\" width=\"90\">Lucia<\/td>\n<td valign=\"top\" width=\"150\">Cardoso<\/td>\n<td valign=\"top\" width=\"525\">Universidad Cat\u00f3lica Andr\u00e9s Bello<\/td>\n<\/tr>\n<tr>\n<td valign=\"top\" width=\"90\">Rhadam\u00e9s<\/td>\n<td valign=\"top\" width=\"150\">Carmona<\/td>\n<td valign=\"top\" width=\"525\">Universidad Central de Venezuela<\/td>\n<\/tr>\n<tr>\n<td valign=\"top\" width=\"90\">Edgar<\/td>\n<td valign=\"top\" width=\"150\">Chacon<\/td>\n<td valign=\"top\" width=\"525\">Universidad de Los Andes<\/td>\n<\/tr>\n<tr>\n<td valign=\"top\" width=\"90\">Carolina<\/td>\n<td valign=\"top\" width=\"150\">Chang<\/td>\n<td valign=\"top\" width=\"525\">Universidad Sim\u00f3n Bol\u00edvar<\/td>\n<\/tr>\n<tr>\n<td valign=\"top\" width=\"90\">Ernesto<\/td>\n<td valign=\"top\" width=\"150\">Coto<\/td>\n<td valign=\"top\" width=\"525\">Universidad Central de Venezuela<\/td>\n<\/tr>\n<tr>\n<td valign=\"top\" width=\"90\">Jacinto<\/td>\n<td valign=\"top\" width=\"150\">Davila<\/td>\n<td valign=\"top\" width=\"525\">Universidad de Los Andes<\/td>\n<\/tr>\n<tr>\n<td valign=\"top\" width=\"90\">Angela<\/td>\n<td valign=\"top\" width=\"150\">Di Serio<\/td>\n<td valign=\"top\" width=\"525\">Universidad Sim\u00f3n Bol\u00edvar<\/td>\n<\/tr>\n<tr>\n<td valign=\"top\" width=\"90\">Kenyer<\/td>\n<td valign=\"top\" width=\"150\">Dom\u00ednguez<\/td>\n<td valign=\"top\" width=\"525\">Universidad Sim\u00f3n Bol\u00edvar<\/td>\n<\/tr>\n<tr>\n<td valign=\"top\" width=\"90\">Carlos<\/td>\n<td valign=\"top\" width=\"150\">Figueira<\/td>\n<td valign=\"top\" width=\"525\">Universidad Sim\u00f3n Bol\u00edvar<\/td>\n<\/tr>\n<tr>\n<td valign=\"top\" width=\"90\">Marlene<\/td>\n<td valign=\"top\" width=\"150\">Goncalves<\/td>\n<td valign=\"top\" width=\"525\">Universidad Sim\u00f3n Bol\u00edvar<\/td>\n<\/tr>\n<tr>\n<td valign=\"top\" width=\"90\">Ricardo<\/td>\n<td valign=\"top\" width=\"150\">Gonzalez<\/td>\n<td valign=\"top\" width=\"525\">Universidad Sim\u00f3n Bol\u00edvar<\/td>\n<\/tr>\n<tr>\n<td valign=\"top\" width=\"90\">Anna C.<\/td>\n<td valign=\"top\" width=\"150\">Grim\u00e1n Padua<\/td>\n<td valign=\"top\" width=\"525\">Universidad Sim\u00f3n Bol\u00edvar<\/td>\n<\/tr>\n<tr>\n<td valign=\"top\" width=\"90\">Francisco<\/td>\n<td valign=\"top\" width=\"150\">Hidrobo<\/td>\n<td valign=\"top\" width=\"525\">Universidad de Los Andes<\/td>\n<\/tr>\n<tr>\n<td valign=\"top\" width=\"90\">Ana<\/td>\n<td valign=\"top\" width=\"150\">Legu\u00edzamo Le\u00f3n<\/td>\n<td valign=\"top\" width=\"525\">Universidad Central de Venezuela<\/td>\n<\/tr>\n<tr>\n<td valign=\"top\" width=\"90\">Francis<\/td>\n<td valign=\"top\" width=\"150\">Losavio<\/td>\n<td valign=\"top\" width=\"525\">Universidad Central de Venezuela<\/td>\n<\/tr>\n<tr>\n<td valign=\"top\" width=\"90\">Ivette Carolina<\/td>\n<td valign=\"top\" width=\"150\">Mart\u00ednez<\/td>\n<td align=\"top\" width=\"525\">Universidad Sim\u00f3n Bol\u00edvar<\/td>\n<\/tr>\n<tr>\n<td valign=\"top\" width=\"90\">Edumilis<\/td>\n<td valign=\"top\" width=\"150\">Mendez<\/td>\n<td valign=\"top\" width=\"525\">Universidad Sim\u00f3n Bol\u00edvar<\/td>\n<\/tr>\n<tr>\n<td valign=\"top\" width=\"90\">Luis Eduardo<\/td>\n<td valign=\"top\" width=\"150\">Mendoza Morales<\/td>\n<td valign=\"top\" width=\"525\">Universidad Sim\u00f3n Bol\u00edvar<\/td>\n<\/tr>\n<tr>\n<td valign=\"top\" width=\"90\">Nora<\/td>\n<td valign=\"top\" width=\"150\">Monta\u00f1o<\/td>\n<td valign=\"top\" width=\"525\">Universidad Central de Venezuela<\/td>\n<\/tr>\n<tr>\n<td valign=\"top\" width=\"90\">Ana<\/td>\n<td valign=\"top\" width=\"150\">Munoz<\/td>\n<td valign=\"top\" width=\"525\">Instituto Universitario Tecnol\u00f3gico de Ejido<\/td>\n<\/tr>\n<tr>\n<td valign=\"top\" width=\"90\">Flor<\/td>\n<td valign=\"top\" width=\"150\">Narciso<\/td>\n<td valign=\"top\" width=\"525\">Universidad de Los Andes<\/td>\n<\/tr>\n<tr>\n<td valign=\"top\" width=\"90\">Haydemar<\/td>\n<td valign=\"top\" width=\"150\">N\u00fa\u00f1ez<\/td>\n<td valign=\"top\" width=\"525\">Universidad Central de Venezuela<\/td>\n<\/tr>\n<tr>\n<td valign=\"top\" width=\"90\">Dinarle<\/td>\n<td valign=\"top\" width=\"150\">Ortega<\/td>\n<td valign=\"top\" width=\"525\">Universidad de Carabobo<\/td>\n<\/tr>\n<tr>\n<td valign=\"top\" width=\"90\">Mar\u00eda<\/td>\n<td valign=\"top\" width=\"150\">Ovalles<\/td>\n<td valign=\"top\" width=\"525\">Universidad Sim\u00f3n Bol\u00edvar<\/td>\n<\/tr>\n<tr>\n<td valign=\"top\" width=\"90\">Wilmer<\/td>\n<td valign=\"top\" width=\"150\">Pereira<\/td>\n<td valign=\"top\" width=\"525\">Universidad Sim\u00f3n Bol\u00edvar \/ Universidad Cat\u00f3lica Andr\u00e9s Bello<\/td>\n<\/tr>\n<tr>\n<td valign=\"top\" width=\"90\">Jorge Luis<\/td>\n<td valign=\"top\" width=\"150\">P\u00e9rez Medina<\/td>\n<td valign=\"top\" width=\"525\">Universidad Centroccidental Lisandro Alvarado<\/td>\n<\/tr>\n<tr>\n<td valign=\"top\" width=\"90\">Niriaska<\/td>\n<td valign=\"top\" width=\"150\">Perozo<\/td>\n<td valign=\"top\" width=\"525\">Universidad Centroccidental Lisandro Alvarado<\/td>\n<\/tr>\n<tr>\n<td valign=\"top\" width=\"90\">Robinson<\/td>\n<td valign=\"top\" width=\"150\">Rivas<\/td>\n<td valign=\"top\" width=\"525\">Universidad Central de Venezuela<\/td>\n<\/tr>\n<tr>\n<td valign=\"top\" width=\"90\">Dulce<\/td>\n<td valign=\"top\" width=\"150\">Rivero<\/td>\n<td valign=\"top\" width=\"525\">Universidad de Los Andes<\/td>\n<\/tr>\n<tr>\n<td valign=\"top\" width=\"90\">Wladimir<\/td>\n<td valign=\"top\" width=\"150\">Rodriguez<\/td>\n<td valign=\"top\" width=\"525\">Universidad de Los Andes<\/td>\n<\/tr>\n<tr>\n<td valign=\"top\" width=\"90\">Jose<\/td>\n<td valign=\"top\" width=\"150\">Sanchez<\/td>\n<td valign=\"top\" width=\"525\">Universidad Centroccidental Lisandro Alvarado<\/td>\n<\/tr>\n<tr>\n<td valign=\"top\" width=\"90\">Eugenio<\/td>\n<td valign=\"top\" width=\"150\">Scalise<\/td>\n<td valign=\"top\" width=\"525\">Universidad Central de Venezuela<\/td>\n<\/tr>\n<tr>\n<td valign=\"top\" width=\"90\">Alejandro<\/td>\n<td valign=\"top\" width=\"150\">Teruel<\/td>\n<td valign=\"top\" width=\"525\">Universidad Sim\u00f3n Bol\u00edvar<\/td>\n<\/tr>\n<tr>\n<td valign=\"top\" width=\"90\">Mar\u00eda Esther<\/td>\n<td valign=\"top\" width=\"150\">Vidal<\/td>\n<td valign=\"top\" width=\"525\">Universidad Sim\u00f3n Bol\u00edvar<\/td>\n<\/tr>\n<tr>\n<td valign=\"top\" width=\"90\">Gustavo<\/td>\n<td valign=\"top\" width=\"150\">Vilchez<\/td>\n<td valign=\"top\" width=\"525\">Universidad del Zulia<\/td>\n<\/tr>\n<\/tbody>\n<\/table>\n","protected":false},"excerpt":{"rendered":"<p>Judith Barrios Universidad de Los Andes ijudith@ula.ve Blai Bonet Universidad Sim\u00f3n Bol\u00edvar bonet@ldc.usb.ve Eric Gamess Universidad Central de Venezuela eric.gamess@ciens.ucv.ve &nbsp; Miembros del Comit\u00e9 de Programa Ana Aguilera Universidad de Carabobo Junior Amilcar Altamiranda Perez Universidad de Los Andes Jhon Edgar Amaya Universidad Nacional Experimental del T\u00e1chira Andr\u00e9s Arcia-Moret Universidad de Los Andes Isabel Besembel [&hellip;]<\/p>\n","protected":false},"author":1,"featured_media":0,"parent":0,"menu_order":0,"comment_status":"open","ping_status":"open","template":"","meta":{"footnotes":""},"class_list":["post-7","page","type-page","status-publish","hentry"],"_links":{"self":[{"href":"https:\/\/concisa.net.ve\/2013\/wp-json\/wp\/v2\/pages\/7","targetHints":{"allow":["GET"]}}],"collection":[{"href":"https:\/\/concisa.net.ve\/2013\/wp-json\/wp\/v2\/pages"}],"about":[{"href":"https:\/\/concisa.net.ve\/2013\/wp-json\/wp\/v2\/types\/page"}],"author":[{"embeddable":true,"href":"https:\/\/concisa.net.ve\/2013\/wp-json\/wp\/v2\/users\/1"}],"replies":[{"embeddable":true,"href":"https:\/\/concisa.net.ve\/2013\/wp-json\/wp\/v2\/comments?post=7"}],"version-history":[{"count":2,"href":"https:\/\/concisa.net.ve\/2013\/wp-json\/wp\/v2\/pages\/7\/revisions"}],"predecessor-version":[{"id":69,"href":"https:\/\/concisa.net.ve\/2013\/wp-json\/wp\/v2\/pages\/7\/revisions\/69"}],"wp:attachment":[{"href":"https:\/\/concisa.net.ve\/2013\/wp-json\/wp\/v2\/media?parent=7"}],"curies":[{"name":"wp","href":"https:\/\/api.w.org\/{rel}","templated":true}]}}