{"id":4,"date":"2014-05-16T20:32:10","date_gmt":"2014-05-16T20:32:10","guid":{"rendered":"http:\/\/www.concisa.net.ve\/2013\/?page_id=4"},"modified":"2022-07-17T16:35:29","modified_gmt":"2022-07-17T16:35:29","slug":"home","status":"publish","type":"page","link":"https:\/\/concisa.net.ve\/2013\/","title":{"rendered":"Home"},"content":{"rendered":"<div class=\"services-wrapper cols-wrapper cols-3\"><div class=\"services-title-box col\"><h1>CoNCISa<\/h1><p>Es la primera Conferencia Nacional de Computaci\u00f3n, Inform\u00e1tica y Sistemas. Es un evento que congregar\u00e1 expertos venezolanos en el \u00e1rea. Est\u00e1 organizada como un evento asociado al CLEI 2013. El objetivo principal de CoNCISa 2013 es iniciar una serie de intercambios anuales sobre experiencias de investigaci\u00f3n, acad\u00e9micas y tecnol\u00f3gicas, para impulsar el desarrollo del \u00e1rea y crear lazos estrechos de cooperaci\u00f3n a nivel nacional.<\/p><\/div><div class=\"services-box col\"><a href=\"http:\/\/clei2013.org.ve\" \/><img decoding=\"async\" src=\"http:\/\/www.concisa.net.ve\/wp-content\/uploads\/2013\/05\/logo-CLEI2013-retocado.png\" \/><\/a><a href=\"http:\/\/clei2013.org.ve\" \/><h3>CLEI 2013<\/h3><\/a><p>El CLEI es un evento anual promovido por el Centro Latinoamericano de Estudios en Inform\u00e1tica, que re\u00fane investigadores, docentes y estudiantes de Universidades y Centros de Investigaci\u00f3n Latioamericanos.<\/p><\/div><div class=\"services-box col nomargin\"><a href=\"http:\/\/www.svc.net.ve\" \/><img decoding=\"async\" src=\"http:\/\/guillermosalazar.org\/desarrollos\/concisa\/wp-content\/uploads\/2013\/05\/1368051930_monotone_computer_screen_monitor_tv.png\" \/><\/a><a href=\"http:\/\/www.svc.net.ve\" \/><h3>SVC<\/h3><\/a><p>La Sociedad Venezolana de Computaci\u00f3n auspicia el CoNCISa 2013. La SVC est\u00e1 formada por profesores e investigadores de Universidades venezolanas.<\/p><\/div><div class=\"clear\"><\/div><\/div>\n","protected":false},"excerpt":{"rendered":"","protected":false},"author":1,"featured_media":0,"parent":0,"menu_order":0,"comment_status":"open","ping_status":"open","template":"","meta":{"footnotes":""},"class_list":["post-4","page","type-page","status-publish","hentry"],"_links":{"self":[{"href":"https:\/\/concisa.net.ve\/2013\/wp-json\/wp\/v2\/pages\/4","targetHints":{"allow":["GET"]}}],"collection":[{"href":"https:\/\/concisa.net.ve\/2013\/wp-json\/wp\/v2\/pages"}],"about":[{"href":"https:\/\/concisa.net.ve\/2013\/wp-json\/wp\/v2\/types\/page"}],"author":[{"embeddable":true,"href":"https:\/\/concisa.net.ve\/2013\/wp-json\/wp\/v2\/users\/1"}],"replies":[{"embeddable":true,"href":"https:\/\/concisa.net.ve\/2013\/wp-json\/wp\/v2\/comments?post=4"}],"version-history":[{"count":6,"href":"https:\/\/concisa.net.ve\/2013\/wp-json\/wp\/v2\/pages\/4\/revisions"}],"predecessor-version":[{"id":62,"href":"https:\/\/concisa.net.ve\/2013\/wp-json\/wp\/v2\/pages\/4\/revisions\/62"}],"wp:attachment":[{"href":"https:\/\/concisa.net.ve\/2013\/wp-json\/wp\/v2\/media?parent=4"}],"curies":[{"name":"wp","href":"https:\/\/api.w.org\/{rel}","templated":true}]}}