{"id":34,"date":"2014-05-16T21:03:08","date_gmt":"2014-05-16T21:03:08","guid":{"rendered":"http:\/\/www.concisa.net.ve\/2013\/?page_id=34"},"modified":"2014-05-16T21:03:08","modified_gmt":"2014-05-16T21:03:08","slug":"registro","status":"publish","type":"page","link":"https:\/\/concisa.net.ve\/2013\/registro\/","title":{"rendered":"Registro"},"content":{"rendered":"<p>Uno de los autores de las contribuciones aceptadas a CoNCISa 2013 debe registrarse en la categor\u00eda de <strong>autor<\/strong> utilizando el <a href=\"http:\/\/clei2013.org.ve\/registro-autor-o-asistente\" target=\"_blank\">sistema de registro del CLEI 2013<\/a> para que la contribuci\u00f3n sea incluida en las memorias de la conferencia.<\/p>\n<p>A\u00fan cuando CoNCISa se realizar\u00e1 el 9 de octubre de 2013, las personas que se registran a CoNCISa como autor o como asistente podr\u00e1n asistir a todos los eventos acad\u00e9micos y culturales del <a href=\"http:\/\/www.clei2013.org.ve\" target=\"_blank\">CLEI 2013<\/a> del 7 al 11 de octubre de 2013, y adicionalmente tendr\u00e1n derecho a:<\/p>\n<ul>\n<li style=\"margin-bottom: 0px; margin-top: -10px; margin-left: 20px;\">coctel de bienvenida (7 de octubre de 2013)<\/li>\n<li style=\"margin-bottom: 0px; margin-left: 20px;\">la asistencia a un tutorial (9 de octubre de 2013)<\/li>\n<li style=\"margin-bottom: 20px; margin-left: 20px;\">la cena de gala (10 de octubre de 2013)<\/li>\n<\/ul>\n<p>Dado que CoNCISa 2013 es organizada en el marco del CLEI 2013, los precios en la p\u00e1gina web est\u00e1n en d\u00f3lares, pero los autores y asistentes que viven en Venezuela podr\u00e1n pagar en bol\u00edvares al cambio oficial del d\u00eda. Para el registro, utilizar el mismo <a href=\"http:\/\/clei2013.org.ve\/registro-autor-o-asistente\" target=\"_blank\">sistema de registro del CLEI 2013<\/a>.<\/p>\n<p>Si tienen dudas en cuanto al registro, comun\u00edquense con <a href=\"mailto:registration@clei2013.org.ve\">registration@clei2013.org.ve<\/a>.<\/p>\n","protected":false},"excerpt":{"rendered":"<p>Uno de los autores de las contribuciones aceptadas a CoNCISa 2013 debe registrarse en la categor\u00eda de autor utilizando el sistema de registro del CLEI 2013 para que la contribuci\u00f3n sea incluida en las memorias de la conferencia. A\u00fan cuando CoNCISa se realizar\u00e1 el 9 de octubre de 2013, las personas que se registran a [&hellip;]<\/p>\n","protected":false},"author":1,"featured_media":0,"parent":0,"menu_order":0,"comment_status":"open","ping_status":"open","template":"","meta":{"footnotes":""},"class_list":["post-34","page","type-page","status-publish","hentry"],"_links":{"self":[{"href":"https:\/\/concisa.net.ve\/2013\/wp-json\/wp\/v2\/pages\/34","targetHints":{"allow":["GET"]}}],"collection":[{"href":"https:\/\/concisa.net.ve\/2013\/wp-json\/wp\/v2\/pages"}],"about":[{"href":"https:\/\/concisa.net.ve\/2013\/wp-json\/wp\/v2\/types\/page"}],"author":[{"embeddable":true,"href":"https:\/\/concisa.net.ve\/2013\/wp-json\/wp\/v2\/users\/1"}],"replies":[{"embeddable":true,"href":"https:\/\/concisa.net.ve\/2013\/wp-json\/wp\/v2\/comments?post=34"}],"version-history":[{"count":1,"href":"https:\/\/concisa.net.ve\/2013\/wp-json\/wp\/v2\/pages\/34\/revisions"}],"predecessor-version":[{"id":35,"href":"https:\/\/concisa.net.ve\/2013\/wp-json\/wp\/v2\/pages\/34\/revisions\/35"}],"wp:attachment":[{"href":"https:\/\/concisa.net.ve\/2013\/wp-json\/wp\/v2\/media?parent=34"}],"curies":[{"name":"wp","href":"https:\/\/api.w.org\/{rel}","templated":true}]}}