{"id":32,"date":"2014-05-16T21:02:35","date_gmt":"2014-05-16T21:02:35","guid":{"rendered":"http:\/\/www.concisa.net.ve\/2013\/?page_id=32"},"modified":"2014-05-16T21:02:35","modified_gmt":"2014-05-16T21:02:35","slug":"programa","status":"publish","type":"page","link":"https:\/\/concisa.net.ve\/2013\/programa\/","title":{"rendered":"Programa"},"content":{"rendered":"<p><span style=\"display: block; font-size: 20px; padding: 10px; margin-left: 0; -webkit-border-radius: 4px; border-radius: 4px; color: white; text-shadow: 0 -1px 0 rgba(0, 0, 0, 0.25); background-color: #49afcd; background-image: -moz-linear-gradient(top, #f36532, #f36532);\">Mi\u00e9rcoles 9 de octubre de 2013 (CoNCISa 1)<\/span><\/p>\n<table style=\"margin: 0px auto; width: 100%;\" border=\"0\">\n<tbody>\n<tr style=\"height: 30px;\">\n<td style=\"width: 15%;\"><strong>Hora<\/strong><\/td>\n<td style=\"text-align: center; width: 20%;\"><strong>Identificador Art\u00edculo<\/strong><\/td>\n<td style=\"width: 65%;\"><strong>T\u00edtulo del Art\u00edculo<\/strong><\/td>\n<\/tr>\n<tr style=\"height: 30px;\">\n<td>10:00 &#8211; 10:17<\/td>\n<td style=\"text-align: center;\">17<\/td>\n<td><strong>Desarrollo de una Ontolog\u00eda y un Prototipo Buscador utilizando tecnolog\u00edas de Web Sem\u00e1ntica<\/strong><br \/>\nIsrael Fermin Montilla, Wilmer Pereira and Carlos Alberto P\u00e9rez<\/td>\n<\/tr>\n<tr style=\"height: 30px;\">\n<td>10:17 &#8211; 10:34<\/td>\n<td style=\"text-align: center;\">493<\/td>\n<td><strong>Ontolog\u00eda de Tareas del Marco Ontol\u00f3gico Din\u00e1mico Sem\u00e1ntico para la Web Sem\u00e1ntica<\/strong><br \/>\nTaniana J Rodr\u00edguez, Jose Aguilar and Addison R\u00edos-Bol\u00edvar<\/td>\n<\/tr>\n<tr style=\"height: 30px;\">\n<td>10:34 &#8211; 10:51<\/td>\n<td style=\"text-align: center;\">494<\/td>\n<td><strong>B\u00fasqueda por Similitud de Contenido basada en T\u00e9cnicas de Indexaci\u00f3n en Espacios M\u00e9tricos<\/strong><br \/>\nDavid Zaragoza, Yudith Cardinale and Marta Rukoz<\/td>\n<\/tr>\n<tr style=\"height: 30px;\">\n<td>10:51 &#8211; 11:08<\/td>\n<td style=\"text-align: center;\">496<\/td>\n<td><strong>Retos para el Procesamiento Sem\u00e1ntico de Datos Enlazados en la Nube de los Datos Abiertos Enlazados<\/strong><br \/>\nMaria-Esther Vidal, Maribel Acosta, Ana Alvarado, Oriana Baldiz\u00e1n, Alexander Baranya, Giuseppe De Simone, Marlene Goncalves, Hancel Gonzalez, Alexandra La Cruz, Gabriela Montoya, Guillermo Palma and Edna Ruckhaus<\/td>\n<\/tr>\n<tr style=\"height: 30px;\">\n<td>11:08 &#8211; 11:25<\/td>\n<td style=\"text-align: center;\">497<\/td>\n<td><strong>Analizando Datos Enlazados con Liquate<\/strong><br \/>\nEdna Ruckhaus, Oriana Baldizan and Maria-Esther Vidal<\/td>\n<\/tr>\n<tr style=\"height: 30px;\">\n<td>11:25 &#8211; 11:42<\/td>\n<td style=\"text-align: center;\">499<\/td>\n<td><strong>OCTOPUS: Aplicaci\u00f3n de SQLf para Selecci\u00f3n de Fuentes de Datos<\/strong><br \/>\nMarlene Goncalves and Leonid Tineo<\/td>\n<\/tr>\n<tr style=\"height: 30px;\">\n<td>11:42 &#8211; 11:59<\/td>\n<td style=\"text-align: center;\">495<\/td>\n<td><strong>Manifestaciones Rupestres Venezolanas: La Comunicaci\u00f3n, del Pasado al Presente en Realidad Aumentada<\/strong><br \/>\nRuby De Valencia, Nestor Manrique, Johann Gonz\u00e1lez and Yudith Cardinale<\/td>\n<\/tr>\n<\/tbody>\n<\/table>\n<p>&nbsp;<br \/>\n&nbsp;<br \/>\n&nbsp;<br \/>\n<span style=\"display: block; font-size: 20px; padding: 10px; margin-left: 0; -webkit-border-radius: 4px; border-radius: 4px; color: white; text-shadow: 0 -1px 0 rgba(0, 0, 0, 0.25); background-color: #49afcd; background-image: -moz-linear-gradient(top, #f36532, #f36532);\">Mi\u00e9rcoles 9 de octubre de 2013 (CoNCISa 2)<\/span><\/p>\n<table style=\"margin: 0px auto; width: 100%;\" border=\"0\">\n<tbody>\n<tr style=\"height: 30px;\">\n<td style=\"width: 15%;\"><strong>Hora<\/strong><\/td>\n<td style=\"text-align: center; width: 20%;\"><strong>Identificador Art\u00edculo<\/strong><\/td>\n<td style=\"width: 65%;\"><strong>T\u00edtulo del Art\u00edculo<\/strong><\/td>\n<\/tr>\n<tr style=\"height: 30px;\">\n<td>14:00 &#8211; 14:17<\/td>\n<td style=\"text-align: center;\">459<\/td>\n<td><strong>Gesti\u00f3n de Tr\u00e1fico Best Effort a trav\u00e9s de Retardos Aleatorios en Redes 802.16<\/strong><br \/>\nAndr\u00e9s Arcia-Moret and Diego Uzc\u00e1tegui<\/td>\n<\/tr>\n<tr style=\"height: 30px;\">\n<td>14:17 &#8211; 14:34<\/td>\n<td style=\"text-align: center;\">476<\/td>\n<td><strong>Identificaci\u00f3n de Secuencias de Scanning en Redes 802.11<\/strong><br \/>\nAntonio Araujo Brett and Andr\u00e9s Arcia-Moret<\/td>\n<\/tr>\n<tr style=\"height: 30px;\">\n<td>14:34 &#8211; 14:51<\/td>\n<td style=\"text-align: center;\">491<\/td>\n<td><strong>Dise\u00f1o de un Software Educativo para la Configuraci\u00f3n de Redes Wi-Fi<\/strong><br \/>\nAnais Desantiago, Karima Vel\u00e1squez and Mar\u00eda Elena Villapol<\/td>\n<\/tr>\n<tr style=\"height: 30px;\">\n<td>14:51 &#8211; 15:08<\/td>\n<td style=\"text-align: center;\">492<\/td>\n<td><strong>Evaluaci\u00f3n del Proceso de Escaneo en Redes 802.11: una perspectiva taxon\u00f3mica<\/strong><br \/>\nLaudin Molina Troconis and Andr\u00e9s Arcia-Moret<\/td>\n<\/tr>\n<tr style=\"height: 30px;\">\n<td>15:08 &#8211; 15:25<\/td>\n<td style=\"text-align: center;\">470<\/td>\n<td><strong>Visi\u00f3n por Computador para Robots Mindstorms NXT<\/strong><br \/>\nMiguel Astor, David Perez Abreu and Maria Elena Villapol<\/td>\n<\/tr>\n<tr style=\"height: 30px;\">\n<td>15:25 &#8211; 15:42<\/td>\n<td style=\"text-align: center;\">475<\/td>\n<td><strong>Dise\u00f1o de una Plataforma Multiagente para el Control de las Interacciones F\u00edsicas entre Objetos y Avatares en un Ambiente Virtual Din\u00e1mico<\/strong><br \/>\nManuel S\u00e1nchez and Domingo Hern\u00e1ndez Hern\u00e1ndez<\/td>\n<\/tr>\n<tr style=\"height: 30px;\">\n<td>15:42 &#8211; 15:59<\/td>\n<td style=\"text-align: center;\">482<\/td>\n<td><strong>Arquitectura Adaptativa de Cooperaci\u00f3n para M\u00faltiples Robots<\/strong><br \/>\nAngel Gil, Jos\u00e9 Aguilar, Rafael Rivas and Eladio Dapena<\/td>\n<\/tr>\n<\/tbody>\n<\/table>\n<p>&nbsp;<br \/>\n&nbsp;<br \/>\n&nbsp;<br \/>\n<span style=\"display: block; font-size: 20px; padding: 10px; margin-left: 0; -webkit-border-radius: 4px; border-radius: 4px; color: white; text-shadow: 0 -1px 0 rgba(0, 0, 0, 0.25); background-color: #49afcd; background-image: -moz-linear-gradient(top, #f36532, #f36532);\">Mi\u00e9rcoles 9 de octubre de 2013 (CoNCISa 3)<\/span><\/p>\n<table style=\"margin: 0px auto; width: 100%;\" border=\"0\">\n<tbody>\n<tr style=\"height: 30px;\">\n<td style=\"width: 15%;\"><strong>Hora<\/strong><\/td>\n<td style=\"text-align: center; width: 20%;\"><strong>Identificador Art\u00edculo<\/strong><\/td>\n<td style=\"width: 65%;\"><strong>T\u00edtulo del Art\u00edculo<\/strong><\/td>\n<\/tr>\n<tr style=\"height: 30px;\">\n<td>16:30 &#8211; 16:47<\/td>\n<td style=\"text-align: center;\">465<\/td>\n<td><strong>Revisi\u00f3n Documental Sistem\u00e1tica de Enfoques y T\u00e9cnicas para la Construcci\u00f3n de Arquitecturas en un contexto de L\u00edneas de Productos de Software<\/strong><br \/>\nJuan Carlos Herrera Rios, Alfredo Matteo and Francisca Losavio<\/td>\n<\/tr>\n<tr style=\"height: 30px;\">\n<td>16:47 &#8211; 17:04<\/td>\n<td style=\"text-align: center;\">468<\/td>\n<td><strong>Sistema Web para la Gesti\u00f3n de Indicadores del CAU de RedULA<\/strong><br \/>\nFlor Narciso, Diana Ayala, Addison R\u00edos-Bol\u00edvar, Isabel Besembel and Sandra Ben\u00edtez<\/td>\n<\/tr>\n<tr style=\"height: 30px;\">\n<td>17:04 &#8211; 17:21<\/td>\n<td style=\"text-align: center;\">469<\/td>\n<td><strong>Desarrollo de Aplicaciones Usando Modelos de Procesos Flexibles<\/strong><br \/>\nMaria Guevara, Dinarle Ortega and Argenis Guerrero<\/td>\n<\/tr>\n<tr style=\"height: 30px;\">\n<td>17:21 &#8211; 17:38<\/td>\n<td style=\"text-align: center;\">473<\/td>\n<td><strong>Sistema de Gesti\u00f3n de Conocimiento para Apoyar el Estudio e Inventario de Suelos<\/strong><br \/>\nEsmeralda Ramos, Ivan Flores and Haydemar N\u00fa\u00f1ez<\/td>\n<\/tr>\n<tr style=\"height: 30px;\">\n<td>17:38 &#8211; 17:55<\/td>\n<td style=\"text-align: center;\">483<\/td>\n<td><strong>Madurez Organizacional para la Adopci\u00f3n de Tecnolog\u00edas de Informaci\u00f3n basadas en Software Libre. Modelo Conceptual<\/strong><br \/>\nKundry Rivero, Edumilis M\u00e9ndez, Kenyer Dominguez and Luis E. Mendoza<\/td>\n<\/tr>\n<tr style=\"height: 30px;\">\n<td>17:55 &#8211; 18:12<\/td>\n<td style=\"text-align: center;\">486<\/td>\n<td><strong>Estudio sobre Competencias del Ingeniero en Inform\u00e1tica. Caso Universidad Cat\u00f3lica Andr\u00e9s Bello<\/strong><br \/>\nSusana Garc\u00eda, Rosaura Paladino, Lucia Cardoso, Lisset De Gouveia and Wilmer Pereira<\/td>\n<\/tr>\n<tr style=\"height: 30px;\">\n<td>18:12 &#8211; 18:29<\/td>\n<td style=\"text-align: center;\">463<\/td>\n<td><strong>Un Framework para la Rehabilitaci\u00f3n F\u00edsica en Miembros Superiores con Realidad Virtual<\/strong><br \/>\nFrancisco Moreno, Jordan Ojeda, Esmitt Ram\u00edrez J., Christiam Mena, Omaira Rodriguez, Jeanlight Rangel and Silvio Alvarez<\/td>\n<\/tr>\n<\/tbody>\n<\/table>\n","protected":false},"excerpt":{"rendered":"<p>Mi\u00e9rcoles 9 de octubre de 2013 (CoNCISa 1) Hora Identificador Art\u00edculo T\u00edtulo del Art\u00edculo 10:00 &#8211; 10:17 17 Desarrollo de una Ontolog\u00eda y un Prototipo Buscador utilizando tecnolog\u00edas de Web Sem\u00e1ntica Israel Fermin Montilla, Wilmer Pereira and Carlos Alberto P\u00e9rez 10:17 &#8211; 10:34 493 Ontolog\u00eda de Tareas del Marco Ontol\u00f3gico Din\u00e1mico Sem\u00e1ntico para la Web [&hellip;]<\/p>\n","protected":false},"author":1,"featured_media":0,"parent":0,"menu_order":0,"comment_status":"open","ping_status":"open","template":"","meta":{"footnotes":""},"class_list":["post-32","page","type-page","status-publish","hentry"],"_links":{"self":[{"href":"https:\/\/concisa.net.ve\/2013\/wp-json\/wp\/v2\/pages\/32","targetHints":{"allow":["GET"]}}],"collection":[{"href":"https:\/\/concisa.net.ve\/2013\/wp-json\/wp\/v2\/pages"}],"about":[{"href":"https:\/\/concisa.net.ve\/2013\/wp-json\/wp\/v2\/types\/page"}],"author":[{"embeddable":true,"href":"https:\/\/concisa.net.ve\/2013\/wp-json\/wp\/v2\/users\/1"}],"replies":[{"embeddable":true,"href":"https:\/\/concisa.net.ve\/2013\/wp-json\/wp\/v2\/comments?post=32"}],"version-history":[{"count":1,"href":"https:\/\/concisa.net.ve\/2013\/wp-json\/wp\/v2\/pages\/32\/revisions"}],"predecessor-version":[{"id":33,"href":"https:\/\/concisa.net.ve\/2013\/wp-json\/wp\/v2\/pages\/32\/revisions\/33"}],"wp:attachment":[{"href":"https:\/\/concisa.net.ve\/2013\/wp-json\/wp\/v2\/media?parent=32"}],"curies":[{"name":"wp","href":"https:\/\/api.w.org\/{rel}","templated":true}]}}