{"id":30,"date":"2014-05-16T21:01:21","date_gmt":"2014-05-16T21:01:21","guid":{"rendered":"http:\/\/www.concisa.net.ve\/2013\/?page_id=30"},"modified":"2014-05-16T21:01:21","modified_gmt":"2014-05-16T21:01:21","slug":"patrocinadores","status":"publish","type":"page","link":"https:\/\/concisa.net.ve\/2013\/patrocinadores\/","title":{"rendered":"Patrocinadores"},"content":{"rendered":"<p>Para la realizaci\u00f3n de CoNCISa, solicitamos patrocinio a empresas o instituciones para sufragar los gastos del lanzamiento promocional de la conferencia, del alquiler del centro de convenciones, de la elaboraci\u00f3n del material POP del evento, de la edici\u00f3n e impresi\u00f3n de las memorias, y del traslado y de vi\u00e1ticos de conferencistas invitados nacionales e internacionales, entre otros.<\/p>\n<p>Si Usted representa una empresa o instituci\u00f3n que desee patrocinar nuestro evento, puede realizar una donaci\u00f3n en moneda venezolana (bol\u00edvares) o en divisas extranjeras (d\u00f3lares). Para los aportes en bol\u00edvares, debe hacerlos a nombre de la Fundaci\u00f3n CLEI Venezuela, RIF J-40156380-5. Dicha donaci\u00f3n se puede realizar mediante la emisi\u00f3n de un cheque, transferencia o dep\u00f3sito bancario en el Banco Mercantil, Cuenta Corriente Nro. 0105-0039-73-8039029821. Para los aportes en d\u00f3lares, debe hacerlos con <a href=\"http:\/\/www.paypal.com\" target=\"_blank\">Paypal<\/a> a la cuenta <strong>fundacioncleivenezuela@gmail.com<\/strong> que corresponde a la Fundaci\u00f3n CLEI Venezuela.<\/p>\n<p>Por el patrocinio que amablemente decida aportar, la empresa o instituci\u00f3n que representa tendr\u00e1 derecho a:<\/p>\n<ul>\n<li style=\"margin-bottom: 0px; margin-top: -10px; margin-left: 20px;\">Que su logo forme parte de la publicidad previa del evento y est\u00e9 presente en el stand de registro de los participantes, los pendones promoci\u00f3nales del evento, la p\u00e1gina web del evento, la publicidad de patrocinadores del evento en diversos medios electr\u00f3nicos, listas de correo, facebook, twitter, etc.<\/li>\n<li style=\"margin-bottom: 0px; margin-left: 20px;\">Colocar material publicitario de su empresa\/instituci\u00f3n en el material POP entregado a los participantes.<\/li>\n<li style=\"margin-bottom: 0px; margin-left: 20px;\">Agradecimiento a los patrocinadores durante el evento.<\/li>\n<li style=\"margin-bottom: 15px; margin-left: 20px;\">Traer pendones y colocarlos durante el evento.<\/li>\n<\/ul>\n<p>Para mayor informaci\u00f3n y concretar una reuni\u00f3n para informarle directamente en su sede mayores detalles sobre todos los beneficios que se le pueden ofrecer a su organizaci\u00f3n, al formar parte de este evento, puede contactar a: <a href=\"mailto:%20yudith@ldc.usb.ve\" target=\"_blank\">Yudith Cardinale<\/a>, <a href=\"mailto:%20claudia.leon@ciens.ucv.ve\" target=\"_blank\">Claudia Le\u00f3n<\/a>, <a href=\"mailto:%20rosaurapa@gmail.com\" target=\"_blank\">Rosaura Paladino<\/a>, <a href=\"mailto:%20ebarreto@ucab.edu.ve\" target=\"_blank\">Evelenir Barreto<\/a>, y <a href=\"mailto:%20carlos.figueira@gmail.com\" target=\"_blank\">Carlos Figueira<\/a>.<\/p>\n<p>&nbsp;<br \/>\n<span style=\"display: block; font-size: 20px; padding: 10px; margin-left: 0; -webkit-border-radius: 4px; border-radius: 4px; color: white; text-shadow: 0 -1px 0 rgba(0, 0, 0, 0.25); background-color: #49afcd; background-image: -moz-linear-gradient(top, #f36532, #f36532);\">Patrocinadores<\/span><br \/>\n&nbsp;<\/p>\n<p><img decoding=\"async\" style=\"border: none; background-color: #ffffff; display: block; margin-left: auto; margin-right: auto;\" src=\"http:\/\/www.concisa.net.ve\/wp-content\/uploads\/2013\/07\/sponsors_cuadricula.jpg\" alt=\"\" usemap=\"#sponsor_map\" \/><\/p>\n<map name=\"sponsor_map\">\n<area shape=\"rect\" coords=\"156,2,396,88\" href=\"http:\/\/www.inpsasel.gob.ve\" target=\"_blank\" \/>\n<area shape=\"rect\" coords=\"39,101,245,183\" href=\"http:\/\/www.ronsantateresa.com\" target=\"_blank\"\/>\n<area shape=\"rect\" coords=\"264,102,525,182\" href=\"http:\/\/www.fonacit.gov.ve\" target=\"_blank\" \/>\n<area shape=\"rect\" coords=\"18,223,273,274\" href=\"http:\/\/www.amigosusb.org\" target=\"_blank\" \/>\n<area shape=\"rect\" coords=\"285,224,514,282\" href=\"http:\/\/www.smartmatic.com\" target=\"_blank\" \/>\n<area shape=\"rect\" coords=\"20,324,280,377\" href=\"http:\/\/www.copaair.com\" target=\"_blank\" \/>\n<area shape=\"rect\" coords=\"287,328,528,389\" href=\"http:\/\/www.cerebrum.com.ve\" target=\"_blank\" \/>\n<area shape=\"rect\" coords=\"168,393,372,472\" href=\"http:\/\/www.inelectra.com\" target=\"_blank\" \/>\n<\/map>\n","protected":false},"excerpt":{"rendered":"<p>Para la realizaci\u00f3n de CoNCISa, solicitamos patrocinio a empresas o instituciones para sufragar los gastos del lanzamiento promocional de la conferencia, del alquiler del centro de convenciones, de la elaboraci\u00f3n del material POP del evento, de la edici\u00f3n e impresi\u00f3n de las memorias, y del traslado y de vi\u00e1ticos de conferencistas invitados nacionales e internacionales, [&hellip;]<\/p>\n","protected":false},"author":1,"featured_media":0,"parent":0,"menu_order":0,"comment_status":"open","ping_status":"open","template":"","meta":{"footnotes":""},"class_list":["post-30","page","type-page","status-publish","hentry"],"_links":{"self":[{"href":"https:\/\/concisa.net.ve\/2013\/wp-json\/wp\/v2\/pages\/30","targetHints":{"allow":["GET"]}}],"collection":[{"href":"https:\/\/concisa.net.ve\/2013\/wp-json\/wp\/v2\/pages"}],"about":[{"href":"https:\/\/concisa.net.ve\/2013\/wp-json\/wp\/v2\/types\/page"}],"author":[{"embeddable":true,"href":"https:\/\/concisa.net.ve\/2013\/wp-json\/wp\/v2\/users\/1"}],"replies":[{"embeddable":true,"href":"https:\/\/concisa.net.ve\/2013\/wp-json\/wp\/v2\/comments?post=30"}],"version-history":[{"count":1,"href":"https:\/\/concisa.net.ve\/2013\/wp-json\/wp\/v2\/pages\/30\/revisions"}],"predecessor-version":[{"id":31,"href":"https:\/\/concisa.net.ve\/2013\/wp-json\/wp\/v2\/pages\/30\/revisions\/31"}],"wp:attachment":[{"href":"https:\/\/concisa.net.ve\/2013\/wp-json\/wp\/v2\/media?parent=30"}],"curies":[{"name":"wp","href":"https:\/\/api.w.org\/{rel}","templated":true}]}}