{"id":28,"date":"2014-05-16T20:53:57","date_gmt":"2014-05-16T20:53:57","guid":{"rendered":"http:\/\/www.concisa.net.ve\/2013\/?page_id=28"},"modified":"2022-10-22T16:50:09","modified_gmt":"2022-10-22T16:50:09","slug":"llamado-a-articulos","status":"publish","type":"page","link":"https:\/\/concisa.net.ve\/2013\/llamado-a-articulos\/","title":{"rendered":"Llamado a Art\u00edculos"},"content":{"rendered":"<h4>Sesiones de trabajo<\/h4>\n<p><b>Sesi\u00f3n de investigaci\u00f3n:<\/b> se considerar\u00e1n trabajos de investigaci\u00f3n originales en todas las \u00e1reas de computaci\u00f3n que no hayan sido publicados. Se aceptar\u00e1n dos modalidades de contribuci\u00f3n: art\u00edculos largos (hasta 8 p\u00e1ginas) destinados a reportar investigaciones cient\u00edficas y aplicadas culminadas; y art\u00edculos cortos (hasta 4 p\u00e1ginas) destinados a reportar avances de investigaci\u00f3n o a generar discusi\u00f3n sobre temas de inter\u00e9s cient\u00edfico. Los art\u00edculos enviados ser\u00e1n sujetos a revisi\u00f3n rigurosa en base a criterios est\u00e1ndares de claridad, pertinencia, importancia y originalidad.<\/p>\n<p><b>Sesi\u00f3n de tecnolog\u00edas y herramientas computacionales:<\/b> se considerar\u00e1n trabajos desarrollados y probados a nivel nacional, que contribuyen en la soluci\u00f3n de problemas computacionales de cierta complejidad. Se aceptar\u00e1n dos modalidades de contribuci\u00f3n: art\u00edculos (hasta 8 p\u00e1ginas) destinados a describir el problema y las caracter\u00edsticas t\u00e9cnicas de la soluci\u00f3n; y demostraciones tecnol\u00f3gicas que deben ser descritas en un resumen (hasta 4 p\u00e1ginas). Los trabajos enviados ser\u00e1n evaluados en base a claridad, pertinencia, importancia e innovaci\u00f3n.<\/p>\n<p><b>Sesi\u00f3n de Gesti\u00f3n de Tecnolog\u00edas de Informaci\u00f3n:<\/b> se considerar\u00e1n reportes (hasta 8 p\u00e1ginas) de experiencias en soluciones t\u00e9cnicas de gesti\u00f3n, las cuales han sido propuestas, adaptadas, probadas y\/o mejoradas, para resolver problemas encontrados en organizaciones venezolanas. Los trabajos enviados ser\u00e1n evaluados en base a claridad, pertinencia, importancia e innovaci\u00f3n.<\/p>\n<h4>Informaci\u00f3n para el Env\u00edo de Trabajos<\/h4>\n<p>Los trabajos enviados deben ser escritos en castellano en el mismo formato de <a href=\"http:\/\/www.clei2013.org.ve\" target=\"_blank\" rel=\"noopener\">CLEI 2013<\/a>. Aquellos autores que hagan m\u00faltiples env\u00edos deben asegurarse que cada trabajo tenga suficiente contenido original. Los art\u00edculos enviados, a todas las sesiones de trabajo, ser\u00e1n evaluados por especialistas de reconocida trayectoria cient\u00edfica y profesional. Los trabajos que sobrepasen el n\u00famero m\u00e1ximo de p\u00e1ginas permitidas ser\u00e1n rechazados sin revisar.<\/p>\n<p>Los trabajos aceptados ser\u00e1n publicados en las actas de la conferencia. Los mejores trabajos de investigaci\u00f3n largos ser\u00e1n invitados a participar en el primer ejemplar de la revista de la <a href=\"http:\/\/www.svc.net.ve\" target=\"_blank\" rel=\"noopener\">Sociedad Venezolana de Computaci\u00f3n<\/a>.<\/p>\n<p>Los participantes en CoNCISa pueden inscribirse en los tutoriales, asistir al foro de software libre y otros eventos ofrecidos dentro del marco de la conferencia <a href=\"http:\/\/www.clei2013.org.ve\" target=\"_blank\" rel=\"noopener\">CLEI 2013<\/a>, que se realizar\u00e1 entre el 7 y 11 de octubre de 2013.<\/p>\n<p>Los trabajos deben ser enviados en formato PDF utilizando la plataforma <a href=\"https:\/\/www.easychair.org\/conferences\/?conf=clei2013\" target=\"_blank\" rel=\"noopener\">EasyChair<\/a>, tomando como referencia el formato para art\u00edculos del IEEE (<a href=\"http:\/\/www.ieee.org\/conferences_events\/conferences\/publishing\/templates.html\" target=\"_blank\" rel=\"noopener\">Manuscript Templates for Conference Proceedings<\/a>) en tama\u00f1o carta (8.5\u2033 x 11\u2033). Los t\u00edtulos de las figuras deben ser centrados por debajo de estas. Los t\u00edtulos de las tablas deben ser centrados por encima de estas.<\/p>\n<p>El programa final y las actas s\u00f3lo incluir\u00e1n trabajos con al menos un autor inscrito en la categor\u00eda AUTOR en la conferencia antes de la fecha l\u00edmite para el env\u00edo de la versi\u00f3n final.<\/p>\n<p>En caso que a\u00fan no tenga cuenta en EasyChair, la puede crear a trav\u00e9s de este <a href=\"https:\/\/www.easychair.org\/account\/signup.cgi\" target=\"_blank\" rel=\"noopener\">enlace<\/a>.<\/p>\n<p><strong>Nota<\/strong>: Si usted tiene problemas para cargar sus art\u00edculos con EasyChair, por favor contactar a <a href=\"mailto:%20easychair@clei2013.org.ve\">easychair@clei2013.org.ve<\/a>.<\/p>\n<h4>Versi\u00f3n PDF del Llamado a Art\u00edculos<\/h4>\n<p>Pueden descargar la verion en PDF del llamado a art\u00edculo en el siguiente <a href=\"http:\/\/www.concisa.net.ve\/wp-content\/uploads\/2013\/05\/CFP-CoNCISa-2013-v2.02.pdf\" target=\"_blank\" rel=\"noopener\">enlace<\/a>.<\/p>\n","protected":false},"excerpt":{"rendered":"<p>Sesiones de trabajo Sesi\u00f3n de investigaci\u00f3n: se considerar\u00e1n trabajos de investigaci\u00f3n originales en todas las \u00e1reas de computaci\u00f3n que no hayan sido publicados. Se aceptar\u00e1n dos modalidades de contribuci\u00f3n: art\u00edculos largos (hasta 8 p\u00e1ginas) destinados a reportar investigaciones cient\u00edficas y aplicadas culminadas; y art\u00edculos cortos (hasta 4 p\u00e1ginas) destinados a reportar avances de investigaci\u00f3n o [&hellip;]<\/p>\n","protected":false},"author":1,"featured_media":0,"parent":0,"menu_order":0,"comment_status":"open","ping_status":"open","template":"","meta":{"footnotes":""},"class_list":["post-28","page","type-page","status-publish","hentry"],"_links":{"self":[{"href":"https:\/\/concisa.net.ve\/2013\/wp-json\/wp\/v2\/pages\/28","targetHints":{"allow":["GET"]}}],"collection":[{"href":"https:\/\/concisa.net.ve\/2013\/wp-json\/wp\/v2\/pages"}],"about":[{"href":"https:\/\/concisa.net.ve\/2013\/wp-json\/wp\/v2\/types\/page"}],"author":[{"embeddable":true,"href":"https:\/\/concisa.net.ve\/2013\/wp-json\/wp\/v2\/users\/1"}],"replies":[{"embeddable":true,"href":"https:\/\/concisa.net.ve\/2013\/wp-json\/wp\/v2\/comments?post=28"}],"version-history":[{"count":2,"href":"https:\/\/concisa.net.ve\/2013\/wp-json\/wp\/v2\/pages\/28\/revisions"}],"predecessor-version":[{"id":64,"href":"https:\/\/concisa.net.ve\/2013\/wp-json\/wp\/v2\/pages\/28\/revisions\/64"}],"wp:attachment":[{"href":"https:\/\/concisa.net.ve\/2013\/wp-json\/wp\/v2\/media?parent=28"}],"curies":[{"name":"wp","href":"https:\/\/api.w.org\/{rel}","templated":true}]}}