{"id":26,"date":"2014-05-16T20:53:15","date_gmt":"2014-05-16T20:53:15","guid":{"rendered":"http:\/\/www.concisa.net.ve\/2013\/?page_id=26"},"modified":"2014-05-16T20:53:15","modified_gmt":"2014-05-16T20:53:15","slug":"instrucciones-version-final-contribuciones","status":"publish","type":"page","link":"https:\/\/concisa.net.ve\/2013\/instrucciones-version-final-contribuciones\/","title":{"rendered":"Instrucciones Versi\u00f3n Final Contribuciones"},"content":{"rendered":"<p>Esta p\u00e1gina web contiene instrucciones para los autores de contribuciones aceptadas en CoNCISa 2013, acerca de c\u00f3mo preparar y presentar la versi\u00f3n final de sus contribuciones.<\/p>\n<p>Las contribuciones aceptadas en la Primera Conferencia Nacional de Computaci\u00f3n, Inform\u00e1tica y Sistemas (CoNCISa 2013) ser\u00e1n publicadas en las memorias de la conferencia. Es importante que los autores de las contribuciones aceptadas sigan los pasos especificados a continuaci\u00f3n:<\/p>\n<p style=\"padding-left: 30px;\"><strong>Paso 1<\/strong>: Hacer mejoras a su contribuci\u00f3n de acuerdo a las recomendaciones de los revisores.<br \/>\n<strong>Paso 2<\/strong>: Formatear la versi\u00f3n final de su contribuci\u00f3n de acuerdo al estilo IEEE.<br \/>\n<strong>Paso 3<\/strong>: Generar el PDF de su contribuci\u00f3n.<br \/>\n<strong>Paso 4<\/strong>: Subir la versi\u00f3n final de su contribuci\u00f3n en EasyChair.<br \/>\n<strong>Paso 5<\/strong>: Registrarse a la conferencia.<\/p>\n<p>El no cumplir con todos los elementos requeridos para el 31 de julio 2013, dar\u00e1 lugar a la eliminaci\u00f3n de la contribuci\u00f3n del programa t\u00e9cnico de la conferencia.<\/p>\n<hr \/>\n<p><strong>Paso 1<\/strong> &#8211; Hacer mejoras a su contribuci\u00f3n de acuerdo a las recomendaciones de los revisores<\/p>\n<p>Aplicar las recomendaciones de los revisores. En particular, si su contribuci\u00f3n es corta, reducir el n\u00famero de p\u00e1ginas a un m\u00e1ximo de cuatro. Si su contribuci\u00f3n es larga o es un reporte, reducir el n\u00famero de p\u00e1ginas a un m\u00e1ximo de ocho.<\/p>\n<hr \/>\n<p><strong>Paso 2<\/strong> &#8211; Formatear la versi\u00f3n final de su contribuci\u00f3n de acuerdo al estilo IEEE<\/p>\n<p>Las instrucciones de formateo provistas en esta secci\u00f3n deben ser seguidas estrictamente para que su contribuci\u00f3n sea incluida en las memorias de la conferencia.<\/p>\n<p>Instrucciones Generales:<\/p>\n<ul>\n<li style=\"margin-bottom: 0px; margin-top: -10px; margin-left: 20px;\">La versi\u00f3n final de su contribuci\u00f3n debe tener el n\u00famero de p\u00e1ginas m\u00e1ximo adecuado (4 p\u00e1ginas m\u00e1ximo para contribuciones cortas, 8 p\u00e1ginas m\u00e1ximo para contribuciones largas y reportes). Este n\u00famero m\u00e1ximo de p\u00e1ginas incluye un resumen de hasta 150 palabras, las palabras claves, las figuras, los agradecimientos y las referencias bibliogr\u00e1ficas. Utilizar el formato del IEEE (<a href=\"http:\/\/www.ieee.org\/conferences_events\/conferences\/publishing\/templates.html\" target=\"_blank\">Manuscript Templates for Conference Proceedings<\/a>).<\/li>\n<li style=\"margin-bottom: 0px; margin-left: 20px;\">Presentar las contribuciones sobre dos columnas, interlineado simple, con tama\u00f1o carta (8,5\u2019\u2019 x 11\u2019\u2019).<\/li>\n<li style=\"margin-bottom: 0px; margin-left: 20px;\">Las contribuciones deben tener un \u00fanico resumen en castellano (no poner un segundo resumen en ingl\u00e9s).<\/li>\n<li style=\"margin-bottom: 0px; margin-left: 20px;\">Las contribuciones deben tener una \u00fanica lista de palabras claves en castellano (no poner una segunda lista de palabras claves en ingl\u00e9s). Esta lista debe ser puesta despu\u00e9s del resumen.<\/li>\n<li style=\"margin-bottom: 0px; margin-left: 20px;\">El t\u00edtulo de las figuras debe estar centrado por debajo de las mismas.<\/li>\n<li style=\"margin-bottom: 0px; margin-left: 20px;\">El t\u00edtulo de las tablas debe estar centrado por encima de las mismas.<\/li>\n<li style=\"margin-bottom: 0px; margin-left: 20px;\">Verificar que las figuras y las tablas posean una alta resoluci\u00f3n y que el texto de las mismas pueda ser le\u00eddo con facilidad. Las contribuciones cuyas im\u00e1genes o tablas posean una baja resoluci\u00f3n ser\u00e1n removidas del programa t\u00e9cnico de la conferencia.<\/li>\n<li style=\"margin-bottom: 0px; margin-left: 20px;\">Utilizar el estilo de IEEE para las referencias bibliogr\u00e1ficas.<\/li>\n<li style=\"margin-bottom: 0px; margin-left: 20px;\">No colocar n\u00famero de p\u00e1ginas a su manuscrito.<\/li>\n<li style=\"margin-bottom: 0px; margin-left: 20px;\">No poner hiperenlaces en su archivo PDF (s\u00ed puede poner referencias a p\u00e1ginas web, pero estas referencias no deben ser enlazadas).<\/li>\n<li style=\"margin-bottom: 15px; margin-left: 20px;\">No aplicar configuraciones de seguridad a su archivo PDF.<\/li>\n<\/ul>\n<hr \/>\n<p><strong>Paso 3<\/strong> &#8211; Generar el PDF de su contribuci\u00f3n<\/p>\n<p>El \u00fanico formato aceptado para las contribuciones de CoNCISa es el formato PDF. Genere el archivo correspondiente. Verifique que el archivo PDF no tenga hiperenlaces, no exceda el n\u00famero m\u00e1ximo de p\u00e1ginas, y que la estructura de la contribuci\u00f3n (diagramaci\u00f3n) no haya sido cambiada por la conversi\u00f3n a PDF. Coteje que sus figuras y tablas sean de alta resoluci\u00f3n, que haya utilizado el formato del IEEE para sus referencias bibliogr\u00e1ficas y que las citaciones a estas \u00faltimas se haya realizado exitosamente.<\/p>\n<hr \/>\n<p><strong>Paso 4<\/strong> &#8211; Subir la versi\u00f3n final de su contribuci\u00f3n en EasyChair<\/p>\n<p>Debe subir la versi\u00f3n final de su contribuci\u00f3n\u00a0en formato PDF en <a href=\"https:\/\/www.easychair.org\/account\/signin.cgi?conf=clei2013\" target=\"_blank\">EasyChair<\/a> para el 31 de julio de 2013.<\/p>\n<div>\n<p>Antes de proceder a subir la versi\u00f3n final de su contribuci\u00f3n, realice una verificaci\u00f3n adicional de la misma: (1) la contribuci\u00f3n no debe tener n\u00famero de p\u00e1ginas, (2)\u00a0 las figuras y tablas deben ser de alta resoluci\u00f3n y el texto dentro de estas debe ser f\u00e1cilmente legible, (3) el estilo de las referencias bibliogr\u00e1ficas es el del IEEE, (4) la generaci\u00f3n de las citaciones de las referencias bibliogr\u00e1ficas se realiz\u00f3 en forma exitosa, (5) la contribuci\u00f3n no debe exceder el n\u00famero de p\u00e1ginas correspondiente, y (6) el archivo PDF debe estar libre de hiperenlaces.<\/p>\n<hr \/>\n<p><strong>Paso 5<\/strong> &#8211; Registrarse a la conferencia<\/p>\n<p>Para mayor informaci\u00f3n sobre el registro a CoNCISa 2013, haga click <a href=\"http:\/\/www.concisa.net.ve\/registro\">aqu\u00ed<\/a>. CoNCISa utiliza el mismo sistema de registro que el CLEI 2013. Uno de los autores de las contribuciones aceptadas en CoNCISa 2013 debe registrarse en la categor\u00eda de autor utilizando el <a href=\"http:\/\/clei2013.org.ve\/registro-autor-o-asistente\" target=\"_blank\">sistema de registro del CLEI 2013<\/a> para que la contribuci\u00f3n sea incluida en las memorias de la conferencia.<\/p>\n<\/div>\n","protected":false},"excerpt":{"rendered":"<p>Esta p\u00e1gina web contiene instrucciones para los autores de contribuciones aceptadas en CoNCISa 2013, acerca de c\u00f3mo preparar y presentar la versi\u00f3n final de sus contribuciones. Las contribuciones aceptadas en la Primera Conferencia Nacional de Computaci\u00f3n, Inform\u00e1tica y Sistemas (CoNCISa 2013) ser\u00e1n publicadas en las memorias de la conferencia. Es importante que los autores de [&hellip;]<\/p>\n","protected":false},"author":1,"featured_media":0,"parent":0,"menu_order":0,"comment_status":"open","ping_status":"open","template":"","meta":{"footnotes":""},"class_list":["post-26","page","type-page","status-publish","hentry"],"_links":{"self":[{"href":"https:\/\/concisa.net.ve\/2013\/wp-json\/wp\/v2\/pages\/26","targetHints":{"allow":["GET"]}}],"collection":[{"href":"https:\/\/concisa.net.ve\/2013\/wp-json\/wp\/v2\/pages"}],"about":[{"href":"https:\/\/concisa.net.ve\/2013\/wp-json\/wp\/v2\/types\/page"}],"author":[{"embeddable":true,"href":"https:\/\/concisa.net.ve\/2013\/wp-json\/wp\/v2\/users\/1"}],"replies":[{"embeddable":true,"href":"https:\/\/concisa.net.ve\/2013\/wp-json\/wp\/v2\/comments?post=26"}],"version-history":[{"count":2,"href":"https:\/\/concisa.net.ve\/2013\/wp-json\/wp\/v2\/pages\/26\/revisions"}],"predecessor-version":[{"id":67,"href":"https:\/\/concisa.net.ve\/2013\/wp-json\/wp\/v2\/pages\/26\/revisions\/67"}],"wp:attachment":[{"href":"https:\/\/concisa.net.ve\/2013\/wp-json\/wp\/v2\/media?parent=26"}],"curies":[{"name":"wp","href":"https:\/\/api.w.org\/{rel}","templated":true}]}}