{"id":24,"date":"2014-05-16T20:52:13","date_gmt":"2014-05-16T20:52:13","guid":{"rendered":"http:\/\/www.concisa.net.ve\/2013\/?page_id=24"},"modified":"2014-05-16T20:52:13","modified_gmt":"2014-05-16T20:52:13","slug":"informacion-general","status":"publish","type":"page","link":"https:\/\/concisa.net.ve\/2013\/informacion-general\/","title":{"rendered":"Informaci\u00f3n General"},"content":{"rendered":"<p>CoNCISa 2013 es la primera Conferencia Nacional de Computaci\u00f3n, Inform\u00e1tica y Sistemas, organizada por la naciente <a href=\"http:\/\/www.svc.net.ve\" target=\"_blank\">Sociedad Venezolana de Computaci\u00f3n (SVC)<\/a>, y se realizar\u00e1 dentro del marco de la Conferencia Latinoamericana de Inform\u00e1tica <a href=\"http:\/\/www.clei2013.org.ve\" target=\"_blank\">CLEI 2013<\/a>.<\/p>\n<p>El objetivo principal de CoNCISa 2013 es iniciar una serie de intercambios anuales sobre experiencias de investigaci\u00f3n, acad\u00e9micas y tecnol\u00f3gicas, para impulsar el desarrollo del \u00e1rea y crear lazos estrechos de cooperaci\u00f3n a nivel nacional.<\/p>\n<p>CoNCISa tendr\u00e1 lugar en el club n\u00e1utico <a href=\"http:\/\/www.puertoazul.com\" target=\"_blank\">Puerto Azul<\/a>, cerca de la poblaci\u00f3n de Naiguat\u00e1, estado Vargas, frente al mar Caribe venezolano. El club se encuentra a 32 km del aeropuerto internacional de Maiquet\u00eda y 55 km de la ciudad de Caracas.<\/p>\n<p>&nbsp;<\/p>\n","protected":false},"excerpt":{"rendered":"<p>CoNCISa 2013 es la primera Conferencia Nacional de Computaci\u00f3n, Inform\u00e1tica y Sistemas, organizada por la naciente Sociedad Venezolana de Computaci\u00f3n (SVC), y se realizar\u00e1 dentro del marco de la Conferencia Latinoamericana de Inform\u00e1tica CLEI 2013. El objetivo principal de CoNCISa 2013 es iniciar una serie de intercambios anuales sobre experiencias de investigaci\u00f3n, acad\u00e9micas y tecnol\u00f3gicas, [&hellip;]<\/p>\n","protected":false},"author":1,"featured_media":0,"parent":0,"menu_order":0,"comment_status":"open","ping_status":"open","template":"","meta":{"footnotes":""},"class_list":["post-24","page","type-page","status-publish","hentry"],"_links":{"self":[{"href":"https:\/\/concisa.net.ve\/2013\/wp-json\/wp\/v2\/pages\/24","targetHints":{"allow":["GET"]}}],"collection":[{"href":"https:\/\/concisa.net.ve\/2013\/wp-json\/wp\/v2\/pages"}],"about":[{"href":"https:\/\/concisa.net.ve\/2013\/wp-json\/wp\/v2\/types\/page"}],"author":[{"embeddable":true,"href":"https:\/\/concisa.net.ve\/2013\/wp-json\/wp\/v2\/users\/1"}],"replies":[{"embeddable":true,"href":"https:\/\/concisa.net.ve\/2013\/wp-json\/wp\/v2\/comments?post=24"}],"version-history":[{"count":1,"href":"https:\/\/concisa.net.ve\/2013\/wp-json\/wp\/v2\/pages\/24\/revisions"}],"predecessor-version":[{"id":25,"href":"https:\/\/concisa.net.ve\/2013\/wp-json\/wp\/v2\/pages\/24\/revisions\/25"}],"wp:attachment":[{"href":"https:\/\/concisa.net.ve\/2013\/wp-json\/wp\/v2\/media?parent=24"}],"curies":[{"name":"wp","href":"https:\/\/api.w.org\/{rel}","templated":true}]}}