{"id":20,"date":"2014-05-16T20:49:24","date_gmt":"2014-05-16T20:49:24","guid":{"rendered":"http:\/\/www.concisa.net.ve\/2013\/?page_id=20"},"modified":"2014-05-16T20:49:24","modified_gmt":"2014-05-16T20:49:24","slug":"fechas-importantes","status":"publish","type":"page","link":"https:\/\/concisa.net.ve\/2013\/fechas-importantes\/","title":{"rendered":"Fechas Importantes"},"content":{"rendered":"<table border=\"0\">\n<tbody>\n<tr>\n<td>Fecha del evento:<\/td>\n<td><strong>9 de octubre 2013<\/strong><\/td>\n<\/tr>\n<tr>\n<td>Fecha l\u00edmite para env\u00edo de trabajos:<\/td>\n<td><strong>\u00a0<del>15 de abril de 2013<\/del><\/strong><\/td>\n<\/tr>\n<tr>\n<td>Fecha extendida para env\u00edo de trabajos:<\/td>\n<td><strong> 07 de junio de 2013<\/strong><\/td>\n<\/tr>\n<tr>\n<td>Notificaci\u00f3n de decisi\u00f3n:<\/td>\n<td><strong>15 de julio de 2013<\/strong> (Postergada)<\/td>\n<\/tr>\n<tr>\n<td>Fecha l\u00edmite para versi\u00f3n final:<\/td>\n<td><strong>\u00a031 de julio de 2013<\/strong><\/td>\n<\/tr>\n<\/tbody>\n<\/table>\n","protected":false},"excerpt":{"rendered":"<p>Fecha del evento: 9 de octubre 2013 Fecha l\u00edmite para env\u00edo de trabajos: \u00a015 de abril de 2013 Fecha extendida para env\u00edo de trabajos: 07 de junio de 2013 Notificaci\u00f3n de decisi\u00f3n: 15 de julio de 2013 (Postergada) Fecha l\u00edmite para versi\u00f3n final: \u00a031 de julio de 2013<\/p>\n","protected":false},"author":1,"featured_media":0,"parent":0,"menu_order":0,"comment_status":"open","ping_status":"open","template":"","meta":{"footnotes":""},"class_list":["post-20","page","type-page","status-publish","hentry"],"_links":{"self":[{"href":"https:\/\/concisa.net.ve\/2013\/wp-json\/wp\/v2\/pages\/20","targetHints":{"allow":["GET"]}}],"collection":[{"href":"https:\/\/concisa.net.ve\/2013\/wp-json\/wp\/v2\/pages"}],"about":[{"href":"https:\/\/concisa.net.ve\/2013\/wp-json\/wp\/v2\/types\/page"}],"author":[{"embeddable":true,"href":"https:\/\/concisa.net.ve\/2013\/wp-json\/wp\/v2\/users\/1"}],"replies":[{"embeddable":true,"href":"https:\/\/concisa.net.ve\/2013\/wp-json\/wp\/v2\/comments?post=20"}],"version-history":[{"count":1,"href":"https:\/\/concisa.net.ve\/2013\/wp-json\/wp\/v2\/pages\/20\/revisions"}],"predecessor-version":[{"id":21,"href":"https:\/\/concisa.net.ve\/2013\/wp-json\/wp\/v2\/pages\/20\/revisions\/21"}],"wp:attachment":[{"href":"https:\/\/concisa.net.ve\/2013\/wp-json\/wp\/v2\/media?parent=20"}],"curies":[{"name":"wp","href":"https:\/\/api.w.org\/{rel}","templated":true}]}}